{"id":410,"date":"2014-06-19T10:47:01","date_gmt":"2014-06-19T10:47:01","guid":{"rendered":"http:\/\/dev.lpd-themes.com\/456ecology\/?page_id=410"},"modified":"2020-10-28T12:54:33","modified_gmt":"2020-10-28T09:54:33","slug":"front-page-i","status":"publish","type":"page","link":"https:\/\/www.bbalaturka.com\/","title":{"rendered":"Anasayfa"},"content":{"rendered":"<p>[vc_row][vc_column][vc_separator][\/vc_column][\/vc_row][vc_row][vc_column width=&#8221;1\/3&#8243;][vc_single_image image=&#8221;1248&#8243; img_size=&#8221;large&#8221; alignment=&#8221;center&#8221; onclick=&#8221;custom_link&#8221; title=&#8221;Tavuk aya\u011f\u0131&#8221; link=&#8221;http:\/\/www.bbalaturka.com\/?page_id=1252&#8243;][\/vc_column][vc_column width=&#8221;1\/3&#8243;][vc_column_text]<iframe loading=\"lazy\" width=\"560\" height=\"315\" src=\"https:\/\/www.youtube.com\/embed\/WK5ItBcDUvs\" frameborder=\"0\" allow=\"accelerometer; autoplay; clipboard-write; encrypted-media; gyroscope; picture-in-picture\" allowfullscreen><\/iframe>[\/vc_column_text][\/vc_column][vc_column width=&#8221;1\/3&#8243;][vc_single_image image=&#8221;1233&#8243; img_size=&#8221;large&#8221; alignment=&#8221;center&#8221; onclick=&#8221;custom_link&#8221; title=&#8221;Tavuk kanad\u0131&#8221; link=&#8221;http:\/\/www.bbalaturka.com\/?page_id=1267&#8243;][\/vc_column][\/vc_row][vc_row][vc_column width=&#8221;1\/3&#8243;][vc_single_image image=&#8221;6259&#8243; img_size=&#8221;large&#8221; alignment=&#8221;center&#8221; onclick=&#8221;custom_link&#8221; title=&#8221; Covid-19 Hijyen \u00dcr\u00fcnleri&#8221; link=&#8221;http:\/\/www.bbalaturka.com\/?page_id=6261&#8243;][\/vc_column][vc_column width=&#8221;1\/3&#8243;][vc_single_image image=&#8221;1790&#8243; img_size=&#8221;large&#8221; alignment=&#8221;center&#8221; onclick=&#8221;custom_link&#8221; title=&#8221;S\u0131\u011f\u0131r i\u015fkembesi&#8221; link=&#8221;http:\/\/www.bbalaturka.com\/?page_id=1750&#8243;][\/vc_column][vc_column width=&#8221;1\/3&#8243;][vc_single_image image=&#8221;6259&#8243; img_size=&#8221;large&#8221; alignment=&#8221;center&#8221; onclick=&#8221;custom_link&#8221; title=&#8221; Covid-19 Hijyen \u00dcr\u00fcnleri&#8221; link=&#8221;http:\/\/www.bbalaturka.com\/?page_id=6261&#8243;][\/vc_column][\/vc_row][vc_row][vc_column width=&#8221;1\/3&#8243;][vc_single_image image=&#8221;1385&#8243; img_size=&#8221;large&#8221; alignment=&#8221;center&#8221; onclick=&#8221;custom_link&#8221; title=&#8221;Tah\u0131l ve g\u0131da \u00fcr\u00fcnleri&#8221; link=&#8221;http:\/\/www.bbalaturka.com\/?page_id=1403&#8243;][\/vc_column][vc_column width=&#8221;1\/3&#8243;][vc_single_image image=&#8221;1386&#8243; img_size=&#8221;large&#8221; alignment=&#8221;center&#8221; onclick=&#8221;custom_link&#8221; title=&#8221;Meyve ve sebze \u00e7e\u015fitleri&#8221; link=&#8221;http:\/\/www.bbalaturka.com\/?page_id=1414&#8243;][\/vc_column][vc_column width=&#8221;1\/3&#8243;][vc_single_image image=&#8221;1238&#8243; img_size=&#8221;large&#8221; alignment=&#8221;center&#8221; onclick=&#8221;custom_link&#8221; title=&#8221;Zeytin ya\u011f\u0131&#8221; link=&#8221;http:\/\/www.bbalaturka.com\/?page_id=1278&#8243;][\/vc_column][\/vc_row][vc_row][vc_column width=&#8221;1\/3&#8243;][vc_single_image image=&#8221;1432&#8243; img_size=&#8221;large&#8221; alignment=&#8221;center&#8221; onclick=&#8221;custom_link&#8221; title=&#8221;Kaju f\u0131st\u0131\u011f\u0131&#8221; link=&#8221;http:\/\/www.bbalaturka.com\/?page_id=1437&#8243;][\/vc_column][vc_column width=&#8221;1\/3&#8243;][vc_single_image image=&#8221;2120&#8243; img_size=&#8221;large&#8221; alignment=&#8221;center&#8221; onclick=&#8221;custom_link&#8221; title=&#8221;Hurma&#8221; link=&#8221;http:\/\/www.bbalaturka.com\/?page_id=2148&#8243;][\/vc_column][vc_column width=&#8221;1\/3&#8243;][vc_single_image image=&#8221;2232&#8243; img_size=&#8221;large&#8221; alignment=&#8221;center&#8221; onclick=&#8221;custom_link&#8221; title=&#8221;Ceviz&#8221; link=&#8221;http:\/\/www.bbalaturka.com\/?page_id=2235&#8243;][\/vc_column][\/vc_row][vc_row][vc_column width=&#8221;1\/3&#8243;][vc_single_image image=&#8221;1793&#8243; img_size=&#8221;large&#8221; alignment=&#8221;center&#8221; onclick=&#8221;custom_link&#8221; title=&#8221;Safran&#8221; link=&#8221;http:\/\/www.bbalaturka.com\/?page_id=1795&#8243;][\/vc_column][vc_column width=&#8221;1\/3&#8243;][vc_single_image image=&#8221;1802&#8243; img_size=&#8221;large&#8221; alignment=&#8221;center&#8221; onclick=&#8221;custom_link&#8221; title=&#8221;Kaya tuzu&#8221; link=&#8221;http:\/\/www.bbalaturka.com\/?page_id=1804&#8243;][\/vc_column][vc_column width=&#8221;1\/3&#8243;][vc_single_image image=&#8221;1241&#8243; img_size=&#8221;large&#8221; alignment=&#8221;center&#8221; onclick=&#8221;custom_link&#8221; title=&#8221;Havlu ve Bornoz&#8221; link=&#8221;http:\/\/www.bbalaturka.com\/?page_id=1304&#8243;][\/vc_column][\/vc_row][vc_row][vc_column width=&#8221;1\/3&#8243;][vc_single_image image=&#8221;1240&#8243; img_size=&#8221;large&#8221; alignment=&#8221;center&#8221; onclick=&#8221;custom_link&#8221; title=&#8221;Ev tekstili&#8221; link=&#8221;http:\/\/www.bbalaturka.com\/?page_id=1285&#8243;][\/vc_column][vc_column width=&#8221;1\/3&#8243;][vc_single_image image=&#8221;1245&#8243; img_size=&#8221;large&#8221; alignment=&#8221;center&#8221; onclick=&#8221;custom_link&#8221; title=&#8221;Sabit beton santrali&#8221; link=&#8221;http:\/\/www.bbalaturka.com\/?page_id=2185&#8243;][\/vc_column][vc_column width=&#8221;1\/3&#8243;][vc_single_image image=&#8221;1246&#8243; img_size=&#8221;large&#8221; alignment=&#8221;center&#8221; onclick=&#8221;custom_link&#8221; title=&#8221;Mobil beton santrali&#8221; link=&#8221;http:\/\/www.bbalaturka.com\/?page_id=1343&#8243;][\/vc_column][\/vc_row][vc_row][vc_column width=&#8221;1\/3&#8243;][vc_single_image image=&#8221;1247&#8243; img_size=&#8221;large&#8221; alignment=&#8221;center&#8221; onclick=&#8221;custom_link&#8221; title=&#8221;\u0130\u015f makinas\u0131&#8221; link=&#8221;http:\/\/www.bbalaturka.com\/?page_id=1327&#8243;][\/vc_column][vc_column width=&#8221;1\/3&#8243;][vc_single_image image=&#8221;1243&#8243; img_size=&#8221;large&#8221; alignment=&#8221;center&#8221; onclick=&#8221;custom_link&#8221; title=&#8221;Kur\u015fun, Bak\u0131r, \u00c7inko ve Di\u011fer Madenler&#8221; link=&#8221;http:\/\/www.bbalaturka.com\/?page_id=1345&#8243;][\/vc_column][vc_column width=&#8221;1\/3&#8243;][vc_single_image image=&#8221;1787&#8243; img_size=&#8221;large&#8221; alignment=&#8221;center&#8221; onclick=&#8221;custom_link&#8221; title=&#8221;Mermer, Granit, Oniks&#8221; link=&#8221;http:\/\/www.bbalaturka.com\/?page_id=1754&#8243;][\/vc_column][\/vc_row][vc_row][vc_column width=&#8221;1\/3&#8243;][vc_single_image image=&#8221;1786&#8243; img_size=&#8221;large&#8221; alignment=&#8221;center&#8221; onclick=&#8221;custom_link&#8221; title=&#8221;\u00c7imento&#8221; link=&#8221;http:\/\/www.bbalaturka.com\/?page_id=2189&#8243;][\/vc_column][vc_column width=&#8221;1\/3&#8243;][vc_single_image image=&#8221;1788&#8243; img_size=&#8221;large&#8221; alignment=&#8221;center&#8221; onclick=&#8221;custom_link&#8221; title=&#8221;Big Bag \u00c7uval&#8221; link=&#8221;http:\/\/www.bbalaturka.com\/?page_id=1773&#8243;][\/vc_column][vc_column width=&#8221;1\/3&#8243;][vc_single_image image=&#8221;2114&#8243; img_size=&#8221;large&#8221; alignment=&#8221;center&#8221; onclick=&#8221;custom_link&#8221; title=&#8221;\u0130LA\u00c7 &#8221; link=&#8221;http:\/\/www.bbalaturka.com\/?page_id=2122&#8243;][\/vc_column][\/vc_row][vc_row][vc_column width=&#8221;1\/3&#8243;][vc_single_image image=&#8221;2117&#8243; img_size=&#8221;large&#8221; alignment=&#8221;center&#8221; onclick=&#8221;custom_link&#8221; title=&#8221;Laboratuvar Malzemeleri&#8221; link=&#8221;http:\/\/www.bbalaturka.com\/?page_id=2129&#8243;][\/vc_column][vc_column width=&#8221;1\/3&#8243;][vc_single_image image=&#8221;2119&#8243; img_size=&#8221;large&#8221; alignment=&#8221;center&#8221; onclick=&#8221;custom_link&#8221; title=&#8221;Delici U\u00e7lar&#8221; link=&#8221;http:\/\/www.bbalaturka.com\/?page_id=2140&#8243;][\/vc_column][vc_column width=&#8221;1\/3&#8243;][vc_single_image image=&#8221;2172&#8243; img_size=&#8221;large&#8221; alignment=&#8221;center&#8221; onclick=&#8221;custom_link&#8221; title=&#8221;Sondaj Y\u00f6n Bulucu Duyarga&#8221; link=&#8221;http:\/\/www.bbalaturka.com\/?page_id=2163&#8243;][\/vc_column][\/vc_row]<\/p>\n","protected":false},"excerpt":{"rendered":"<p>[vc_row][vc_column][vc_separator][\/vc_column][\/vc_row][vc_row][vc_column width=&#8221;1\/3&#8243;][vc_single_image image=&#8221;1248&#8243; img_size=&#8221;large&#8221; alignment=&#8221;center&#8221; onclick=&#8221;custom_link&#8221; title=&#8221;Tavuk aya\u011f\u0131&#8221; link=&#8221;http:\/\/www.bbalaturka.com\/?page_id=1252&#8243;][\/vc_column][vc_column width=&#8221;1\/3&#8243;][vc_column_text][\/vc_column_text][\/vc_column][vc_column width=&#8221;1\/3&#8243;][vc_single_image image=&#8221;1233&#8243; img_size=&#8221;large&#8221; alignment=&#8221;center&#8221; onclick=&#8221;custom_link&#8221; title=&#8221;Tavuk kanad\u0131&#8221; link=&#8221;http:\/\/www.bbalaturka.com\/?page_id=1267&#8243;][\/vc_column][\/vc_row][vc_row][vc_column width=&#8221;1\/3&#8243;][vc_single_image image=&#8221;6259&#8243; img_size=&#8221;large&#8221; alignment=&#8221;center&#8221; onclick=&#8221;custom_link&#8221; title=&#8221; Covid-19 Hijyen \u00dcr\u00fcnleri&#8221; link=&#8221;http:\/\/www.bbalaturka.com\/?page_id=6261&#8243;][\/vc_column][vc_column width=&#8221;1\/3&#8243;][vc_single_image image=&#8221;1790&#8243; img_size=&#8221;large&#8221; alignment=&#8221;center&#8221; onclick=&#8221;custom_link&#8221; title=&#8221;S\u0131\u011f\u0131r i\u015fkembesi&#8221; link=&#8221;http:\/\/www.bbalaturka.com\/?page_id=1750&#8243;][\/vc_column][vc_column width=&#8221;1\/3&#8243;][vc_single_image image=&#8221;6259&#8243; img_size=&#8221;large&#8221; alignment=&#8221;center&#8221; onclick=&#8221;custom_link&#8221; title=&#8221; Covid-19 Hijyen \u00dcr\u00fcnleri&#8221; link=&#8221;http:\/\/www.bbalaturka.com\/?page_id=6261&#8243;][\/vc_column][\/vc_row][vc_row][vc_column width=&#8221;1\/3&#8243;][vc_single_image image=&#8221;1385&#8243; img_size=&#8221;large&#8221; alignment=&#8221;center&#8221; onclick=&#8221;custom_link&#8221; title=&#8221;Tah\u0131l ve g\u0131da \u00fcr\u00fcnleri&#8221; link=&#8221;http:\/\/www.bbalaturka.com\/?page_id=1403&#8243;][\/vc_column][vc_column width=&#8221;1\/3&#8243;][vc_single_image image=&#8221;1386&#8243; img_size=&#8221;large&#8221; alignment=&#8221;center&#8221; onclick=&#8221;custom_link&#8221; title=&#8221;Meyve ve sebze \u00e7e\u015fitleri&#8221; link=&#8221;http:\/\/www.bbalaturka.com\/?page_id=1414&#8243;][\/vc_column][vc_column width=&#8221;1\/3&#8243;][vc_single_image image=&#8221;1238&#8243; img_size=&#8221;large&#8221; alignment=&#8221;center&#8221; onclick=&#8221;custom_link&#8221; title=&#8221;Zeytin ya\u011f\u0131&#8221; link=&#8221;http:\/\/www.bbalaturka.com\/?page_id=1278&#8243;][\/vc_column][\/vc_row][vc_row][vc_column width=&#8221;1\/3&#8243;][vc_single_image image=&#8221;1432&#8243; img_size=&#8221;large&#8221; alignment=&#8221;center&#8221; onclick=&#8221;custom_link&#8221; title=&#8221;Kaju f\u0131st\u0131\u011f\u0131&#8221; link=&#8221;http:\/\/www.bbalaturka.com\/?page_id=1437&#8243;][\/vc_column][vc_column width=&#8221;1\/3&#8243;][vc_single_image image=&#8221;2120&#8243; img_size=&#8221;large&#8221; alignment=&#8221;center&#8221; onclick=&#8221;custom_link&#8221; title=&#8221;Hurma&#8221; link=&#8221;http:\/\/www.bbalaturka.com\/?page_id=2148&#8243;][\/vc_column][vc_column width=&#8221;1\/3&#8243;][vc_single_image image=&#8221;2232&#8243; img_size=&#8221;large&#8221; alignment=&#8221;center&#8221; onclick=&#8221;custom_link&#8221; title=&#8221;Ceviz&#8221; link=&#8221;http:\/\/www.bbalaturka.com\/?page_id=2235&#8243;][\/vc_column][\/vc_row][vc_row][vc_column width=&#8221;1\/3&#8243;][vc_single_image image=&#8221;1793&#8243; img_size=&#8221;large&#8221; alignment=&#8221;center&#8221; [&hellip;]<\/p>\n","protected":false},"author":1,"featured_media":0,"parent":0,"menu_order":0,"comment_status":"open","ping_status":"open","template":"template-full-width.php","meta":[],"_links":{"self":[{"href":"https:\/\/www.bbalaturka.com\/index.php?rest_route=\/wp\/v2\/pages\/410"}],"collection":[{"href":"https:\/\/www.bbalaturka.com\/index.php?rest_route=\/wp\/v2\/pages"}],"about":[{"href":"https:\/\/www.bbalaturka.com\/index.php?rest_route=\/wp\/v2\/types\/page"}],"author":[{"embeddable":true,"href":"https:\/\/www.bbalaturka.com\/index.php?rest_route=\/wp\/v2\/users\/1"}],"replies":[{"embeddable":true,"href":"https:\/\/www.bbalaturka.com\/index.php?rest_route=%2Fwp%2Fv2%2Fcomments&post=410"}],"version-history":[{"count":13,"href":"https:\/\/www.bbalaturka.com\/index.php?rest_route=\/wp\/v2\/pages\/410\/revisions"}],"predecessor-version":[{"id":6342,"href":"https:\/\/www.bbalaturka.com\/index.php?rest_route=\/wp\/v2\/pages\/410\/revisions\/6342"}],"wp:attachment":[{"href":"https:\/\/www.bbalaturka.com\/index.php?rest_route=%2Fwp%2Fv2%2Fmedia&parent=410"}],"curies":[{"name":"wp","href":"https:\/\/api.w.org\/{rel}","templated":true}]}}