{"id":1376,"date":"2015-07-01T14:31:28","date_gmt":"2015-07-01T11:31:28","guid":{"rendered":"http:\/\/www.bbalaturka.com\/?page_id=1376"},"modified":"2017-05-27T12:04:26","modified_gmt":"2017-05-27T09:04:26","slug":"insan-kaynaklari-forumu","status":"publish","type":"page","link":"https:\/\/www.bbalaturka.com\/?page_id=1376","title":{"rendered":"\u0130nsan Kaynaklar\u0131 Forumu"},"content":{"rendered":"<div role=\"form\" class=\"wpcf7\" id=\"wpcf7-f1375-o1\" lang=\"tr-TR\" dir=\"ltr\">\n<div class=\"screen-reader-response\"><p role=\"status\" aria-live=\"polite\" aria-atomic=\"true\"><\/p> <ul><\/ul><\/div>\n<form action=\"\/index.php?rest_route=%2Fwp%2Fv2%2Fpages%2F1376#wpcf7-f1375-o1\" method=\"post\" class=\"wpcf7-form init\" novalidate=\"novalidate\" data-status=\"init\">\n<div style=\"display: none;\">\n<input type=\"hidden\" name=\"_wpcf7\" value=\"1375\" \/>\n<input type=\"hidden\" name=\"_wpcf7_version\" value=\"5.6.4\" \/>\n<input type=\"hidden\" name=\"_wpcf7_locale\" value=\"tr_TR\" \/>\n<input type=\"hidden\" name=\"_wpcf7_unit_tag\" value=\"wpcf7-f1375-o1\" \/>\n<input type=\"hidden\" name=\"_wpcf7_container_post\" value=\"0\" \/>\n<input type=\"hidden\" name=\"_wpcf7_posted_data_hash\" value=\"\" \/>\n<\/div>\n<p><b>L\u00fctfen Formu Eksiksiz Doldurunuz<\/b><\/br><\/p>\n<div style=\"width:200px; float:left;\"><strong>\u0130sim<\/strong><\/div>\n<div style=\" float:left;\"><span class=\"wpcf7-form-control-wrap\" data-name=\"isim\"><input type=\"text\" name=\"isim\" value=\"\" size=\"30\" class=\"wpcf7-form-control wpcf7-text\" aria-invalid=\"false\" \/><\/span><\/div>\n<div style=\"clear: both;\"><\/div>\n<div style=\"width:200px; float:left;\"><b>Soyisim<\/b><\/div>\n<div style=\"width:200px; float:left;\"><span class=\"wpcf7-form-control-wrap\" data-name=\"soyisim\"><input type=\"text\" name=\"soyisim\" value=\"\" size=\"30\" class=\"wpcf7-form-control wpcf7-text\" aria-invalid=\"false\" \/><\/span><\/div>\n<div style=\"clear: both;\"><\/div>\n<div style=\"width:200px; float:left;\"><strong>Do\u011fum Yeriniz<\/strong><\/div>\n<div style=\"width:200px; float:left;\"><span class=\"wpcf7-form-control-wrap\" data-name=\"dogum\"><input type=\"text\" name=\"dogum\" value=\"\" size=\"30\" class=\"wpcf7-form-control wpcf7-text\" aria-invalid=\"false\" \/><\/span><\/div>\n<div style=\"clear: both;\"><\/div>\n<div style=\"width:200px; float:left;\"><strong>Do\u011fum Tarihiniz (gg\/aa\/yy)<\/strong><\/div>\n<div style=\"width:200px; float:left;\"><span class=\"wpcf7-form-control-wrap\" data-name=\"dtarih1\"><input type=\"text\" name=\"dtarih1\" value=\"\" size=\"1\" maxlength=\"2\" class=\"wpcf7-form-control wpcf7-text\" aria-invalid=\"false\" \/><\/span><\/div>\n<div style=\"clear: both;\"><\/div>\n<div style=\"width:200px; float:left;\"><strong>Uyru\u011funuz<\/strong><\/div>\n<div style=\"width:200px; float:left;\"><span class=\"wpcf7-form-control-wrap\" data-name=\"uyruk\"><input type=\"text\" name=\"uyruk\" value=\"T.C.\" size=\"30\" class=\"wpcf7-form-control wpcf7-text\" aria-invalid=\"false\" \/><\/span><\/div>\n<div style=\"clear: both;\"><\/div>\n<div style=\"width:200px; float:left;\"><strong>Cinsiyetiniz<\/strong><\/div>\n<div style=\"width:200px; float:left;\"><span class=\"wpcf7-form-control-wrap\" data-name=\"cinsiyet\"><span class=\"wpcf7-form-control wpcf7-checkbox wpcf7-exclusive-checkbox\"><span class=\"wpcf7-list-item first\"><input type=\"checkbox\" name=\"cinsiyet\" value=\"Erkek\" \/><span class=\"wpcf7-list-item-label\">Erkek<\/span><\/span><span class=\"wpcf7-list-item last\"><input type=\"checkbox\" name=\"cinsiyet\" value=\"Bayan\" \/><span class=\"wpcf7-list-item-label\">Bayan<\/span><\/span><\/span><\/span><\/div>\n<div style=\"clear: both;\"><\/div>\n<div style=\"width:200px; float:left;\"><strong>Askerlik Durumunuz<\/strong><\/div>\n<div style=\"width:200px; float:left;\"><span class=\"wpcf7-form-control-wrap\" data-name=\"askerlik\"><select name=\"askerlik\" class=\"wpcf7-form-control wpcf7-select\" aria-invalid=\"false\"><option value=\"Se\u00e7iniz\">Se\u00e7iniz<\/option><option value=\"Yapm\u0131\u015f\">Yapm\u0131\u015f<\/option><option value=\"Muaf\">Muaf<\/option><option value=\"Tecilli\">Tecilli<\/option><\/select><\/span><\/div>\n<div style=\"clear: both;\"><\/div>\n<div style=\"width:200px; float:left;\"><strong>Medeni  Durumunuz<\/strong><\/div>\n<div style=\"width:200px; float:left;\"><span class=\"wpcf7-form-control-wrap\" data-name=\"medeni\"><select name=\"medeni\" class=\"wpcf7-form-control wpcf7-select\" aria-invalid=\"false\"><option value=\"Se\u00e7iniz\">Se\u00e7iniz<\/option><option value=\"Evli\">Evli<\/option><option value=\"Bekar\">Bekar<\/option><option value=\"Bo\u015fanm\u0131\u015f\">Bo\u015fanm\u0131\u015f<\/option><\/select><\/span><\/div>\n<div style=\"clear: both;\"><\/div>\n<div style=\"width:200px; float:left;\"><strong>Ev Adresiniz<\/strong><\/div>\n<div style=\"width:200px; float:left;\"><span class=\"wpcf7-form-control-wrap\" data-name=\"adres\"><textarea name=\"adres\" cols=\"40\" rows=\"3\" class=\"wpcf7-form-control wpcf7-textarea\" aria-invalid=\"false\"><\/textarea><\/span><\/div>\n<div style=\"clear: both;\"><\/div>\n<div style=\"width:200px; float:left;\"><strong>Telefonunuz<\/strong><\/div>\n<div style=\"width:200px; float:left;\"><span class=\"wpcf7-form-control-wrap\" data-name=\"telefon\"><input type=\"text\" name=\"telefon\" value=\"\" size=\"30\" class=\"wpcf7-form-control wpcf7-text\" aria-invalid=\"false\" \/><\/span><\/div>\n<div style=\"clear: both;\"><\/div>\n<div style=\"width:200px; float:left;\"><strong>Cep Telefonunuz<\/strong><\/div>\n<div style=\"width:200px; float:left;\"><span class=\"wpcf7-form-control-wrap\" data-name=\"ceptelefon\"><input type=\"text\" name=\"ceptelefon\" value=\"\" size=\"30\" class=\"wpcf7-form-control wpcf7-text\" aria-invalid=\"false\" \/><\/span><\/div>\n<div style=\"clear: both;\"><\/div>\n<div style=\"width:200px; float:left;\"><strong>E-mail Adresiniz<\/strong><\/div>\n<div style=\"width:200px; float:left;\"><span class=\"wpcf7-form-control-wrap\" data-name=\"mail\"><input type=\"email\" name=\"mail\" value=\"\" size=\"30\" class=\"wpcf7-form-control wpcf7-text wpcf7-email wpcf7-validates-as-email\" aria-invalid=\"false\" \/><\/span><\/div>\n<div style=\"clear: both;\"><\/div>\n<p>&nbsp<\/p>\n<p><strong>E\u011fitim Durumunuz<\/strong><\/p>\n<div style=\"clear: both;\"><\/div>\n<div style=\"width:200px; float:left;\">&nbsp<\/div>\n<div style=\"width:159px; float:left;\"><strong>Okul Ad\u0131<\/strong><\/div>\n<div style=\"margin-left:10px; width:159px; float:left;\"><strong>Mezun Olunan B\u00f6l\u00fcm<\/strong><\/div>\n<div style=\"clear: both;\"><\/div>\n<div style=\"width:200px; float:left;\"><strong>\u00dcniversite<\/strong><\/div>\n<div style=\" float:left;\"><span class=\"wpcf7-form-control-wrap\" data-name=\"mezun1\"><input type=\"text\" name=\"mezun1\" value=\"\" size=\"20\" class=\"wpcf7-form-control wpcf7-text\" aria-invalid=\"false\" \/><\/span><\/div>\n<div style=\"margin-left:10px; float:left;\"><span class=\"wpcf7-form-control-wrap\" data-name=\"bolum1\"><input type=\"text\" name=\"bolum1\" value=\"\" size=\"30\" class=\"wpcf7-form-control wpcf7-text\" aria-invalid=\"false\" \/><\/span><\/div>\n<div style=\"clear: both;\"><\/div>\n<div style=\"width:200px; float:left;\"><strong>Lise<\/strong><\/div>\n<div style=\" float:left;\"><span class=\"wpcf7-form-control-wrap\" data-name=\"mezun2\"><input type=\"text\" name=\"mezun2\" value=\"\" size=\"20\" class=\"wpcf7-form-control wpcf7-text\" aria-invalid=\"false\" \/><\/span><\/div>\n<div style=\"margin-left:10px; float:left;\"><span class=\"wpcf7-form-control-wrap\" data-name=\"bolum2\"><input type=\"text\" name=\"bolum2\" value=\"\" size=\"30\" class=\"wpcf7-form-control wpcf7-text\" aria-invalid=\"false\" \/><\/span><\/div>\n<div style=\"clear: both;\"><\/div>\n<div style=\"width:200px; float:left;\"><strong>ilk \u00f6\u011fretim<\/strong><\/div>\n<div style=\" float:left;\"><span class=\"wpcf7-form-control-wrap\" data-name=\"mezun3\"><input type=\"text\" name=\"mezun3\" value=\"\" size=\"20\" class=\"wpcf7-form-control wpcf7-text\" aria-invalid=\"false\" \/><\/span><\/div>\n<div style=\"margin-left:10px; float:left;\"><span class=\"wpcf7-form-control-wrap\" data-name=\"bolum3\"><input type=\"text\" name=\"bolum3\" value=\"\" size=\"30\" class=\"wpcf7-form-control wpcf7-text\" aria-invalid=\"false\" \/><\/span><\/div>\n<p>&nbsp<\/p>\n<p>&nbsp<\/p>\n<p><b>Bildi\u011finiz Yabanc\u0131 Diller<\/b><\/p>\n<div style=\"width:200px; float:left;\"><strong>Diller<\/strong><\/div>\n<div style=\"width:259px; float:left;\">&nbsp<\/div>\n<div style=\"margin-left:10px; width:159px; float:left;\"><strong>Seviye<\/strong><\/div>\n<div style=\"clear: both;\"><\/div>\n<div style=\"width:200px; float:left;\"><strong>\u0130ngilizce<\/strong><\/div>\n<div style=\"width:259px; float:left;\">&nbsp<\/div>\n<div style=\" float:left;\"><span class=\"wpcf7-form-control-wrap\" data-name=\"ingilizce\"><select name=\"ingilizce\" class=\"wpcf7-form-control wpcf7-select\" aria-invalid=\"false\"><option value=\"Se\u00e7iniz\">Se\u00e7iniz<\/option><option value=\"Bilmiyorum\">Bilmiyorum<\/option><option value=\"Az\">Az<\/option><option value=\"Orta\">Orta<\/option><option value=\"\u00c7ok\">\u00c7ok<\/option><\/select><\/span><\/div>\n<div style=\"clear: both;\"><\/div>\n<div style=\"width:200px; float:left;\"><strong>Di\u011fer<\/strong><\/div>\n<div style=\" float:left; width:259px;\"><span class=\"wpcf7-form-control-wrap\" data-name=\"d_dil\"><input type=\"text\" name=\"d_dil\" value=\"\" size=\"35\" class=\"wpcf7-form-control wpcf7-text\" aria-invalid=\"false\" \/><\/span><\/div>\n<div style=\" float:left;\"><span class=\"wpcf7-form-control-wrap\" data-name=\"d_dils\"><select name=\"d_dils\" class=\"wpcf7-form-control wpcf7-select\" aria-invalid=\"false\"><option value=\"Se\u00e7iniz\">Se\u00e7iniz<\/option><option value=\"Bilmiyorum\">Bilmiyorum<\/option><option value=\"Az\">Az<\/option><option value=\"Orta\">Orta<\/option><option value=\"\u00c7ok\">\u00c7ok<\/option><\/select><\/span><\/div>\n<p>&nbsp<\/p>\n<p>&nbsp<\/p>\n<p><b>Bildi\u011finiz Bilgisayar Program ve Uygulamalar\u0131<\/b><\/p>\n<div style=\"width:459px; float:left;\"><strong>Program veya uygulaman\u0131n ad\u0131<\/strong><\/div>\n<div style=\"margin-left:10px; width:159px; float:left;\"><strong>Seviye<\/strong><\/div>\n<div style=\"clear: both;\"><\/div>\n<div style=\"float:left;\"><span class=\"wpcf7-form-control-wrap\" data-name=\"program_bir\"><input type=\"text\" name=\"program_bir\" value=\"\" size=\"70\" class=\"wpcf7-form-control wpcf7-text\" aria-invalid=\"false\" \/><\/span><\/div>\n<div style=\" float:left;\"><span class=\"wpcf7-form-control-wrap\" data-name=\"programbirs\"><select name=\"programbirs\" class=\"wpcf7-form-control wpcf7-select\" aria-invalid=\"false\"><option value=\"Se\u00e7iniz\">Se\u00e7iniz<\/option><option value=\"Bilmiyorum\">Bilmiyorum<\/option><option value=\"Az\">Az<\/option><option value=\"Orta\">Orta<\/option><option value=\"\u00c7ok\">\u00c7ok<\/option><\/select><\/span><\/div>\n<div style=\"clear: both;\"><\/div>\n<div style=\" float:left;\"><span class=\"wpcf7-form-control-wrap\" data-name=\"programiki\"><input type=\"text\" name=\"programiki\" value=\"\" size=\"70\" class=\"wpcf7-form-control wpcf7-text\" aria-invalid=\"false\" \/><\/span><\/div>\n<div style=\" float:left;\"><span class=\"wpcf7-form-control-wrap\" data-name=\"programikis\"><select name=\"programikis\" class=\"wpcf7-form-control wpcf7-select\" aria-invalid=\"false\"><option value=\"Se\u00e7iniz\">Se\u00e7iniz<\/option><option value=\"Bilmiyorum\">Bilmiyorum<\/option><option value=\"Az\">Az<\/option><option value=\"Orta\">Orta<\/option><option value=\"\u00c7ok\">\u00c7ok<\/option><\/select><\/span><\/div>\n<div style=\"clear: both;\"><\/div>\n<p>&nbsp<\/p>\n<div style=\"width:580px; height:auto; float:left;\">\n<p><b>Daha \u00f6nce Herhangi Bir Kurum veya Kurulu\u015fta \u00c7al\u0131\u015ft\u0131n\u0131z m\u0131 ?<\/b><\/p>\n<div style=\"width:159px;float:left;margin-left:5px;\"><strong>\u0130\u015fyerinin<\/strong> <strong>Ad\u0131<\/strong><\/div>\n<div style=\"width:159px;float:left;margin-left:5px;\"><strong>G\u00f6rev ve \u00dcnvan\u0131n\u0131z<\/strong><\/div>\n<div style=\"width:159px;float:left;margin-left:5px;\"><strong>\u00c7al\u0131\u015fma D\u00f6neminiz<\/strong><\/div>\n<div style=\"clear: both;\"><\/div>\n<div style=\" float:left; margin-left:5px;\"><span class=\"wpcf7-form-control-wrap\" data-name=\"ia1\"><input type=\"text\" name=\"ia1\" value=\"\" size=\"20\" class=\"wpcf7-form-control wpcf7-text\" aria-invalid=\"false\" \/><\/span><\/div>\n<div style=\" float:left; margin-left:5px;\"><span class=\"wpcf7-form-control-wrap\" data-name=\"gvu1\"><input type=\"text\" name=\"gvu1\" value=\"\" size=\"20\" class=\"wpcf7-form-control wpcf7-text\" aria-invalid=\"false\" \/><\/span><\/div>\n<div style=\" float:left; margin-left:5px;\"><span class=\"wpcf7-form-control-wrap\" data-name=\"cd1\"><input type=\"text\" name=\"cd1\" value=\"\" size=\"20\" class=\"wpcf7-form-control wpcf7-text\" aria-invalid=\"false\" \/><\/span><\/div>\n<div style=\"clear: both;\"><\/div>\n<div style=\" float:left; margin-left:5px;\"><span class=\"wpcf7-form-control-wrap\" data-name=\"ia2\"><input type=\"text\" name=\"ia2\" value=\"\" size=\"20\" class=\"wpcf7-form-control wpcf7-text\" aria-invalid=\"false\" \/><\/span><\/div>\n<div style=\" float:left; margin-left:5px;\"><span class=\"wpcf7-form-control-wrap\" data-name=\"gvu2\"><input type=\"text\" name=\"gvu2\" value=\"\" size=\"20\" class=\"wpcf7-form-control wpcf7-text\" aria-invalid=\"false\" \/><\/span><\/div>\n<div style=\" float:left; margin-left:5px;\"><span class=\"wpcf7-form-control-wrap\" data-name=\"cd2\"><input type=\"text\" name=\"cd2\" value=\"\" size=\"20\" class=\"wpcf7-form-control wpcf7-text\" aria-invalid=\"false\" \/><\/span><\/div>\n<div style=\"clear: both;\"><\/div>\n<div style=\" float:left; margin-left:5px;\"><span class=\"wpcf7-form-control-wrap\" data-name=\"ia3\"><input type=\"text\" name=\"ia3\" value=\"\" size=\"20\" class=\"wpcf7-form-control wpcf7-text\" aria-invalid=\"false\" \/><\/span><\/div>\n<div style=\" float:left; margin-left:5px;\"><span class=\"wpcf7-form-control-wrap\" data-name=\"gvu3\"><input type=\"text\" name=\"gvu3\" value=\"\" size=\"20\" class=\"wpcf7-form-control wpcf7-text\" aria-invalid=\"false\" \/><\/span><\/div>\n<div style=\" float:left; margin-left:5px;\"><span class=\"wpcf7-form-control-wrap\" data-name=\"cd3\"><input type=\"text\" name=\"cd3\" value=\"\" size=\"20\" class=\"wpcf7-form-control wpcf7-text\" aria-invalid=\"false\" \/><\/span><\/div>\n<\/div>\n<p>&nbsp<\/p>\n<div style=\"width:580px; height:auto; float:left; margin-bottom:20px;\">\n<p><b>Hakk\u0131n\u0131zda referans verebilecek ki\u015filer<\/b><\/p>\n<div style=\"width:159px;float:left;margin-left:5px;\"><strong>Ad\u0131 ve Soyad\u0131<\/strong><\/div>\n<div style=\"width:159px;float:left;margin-left:5px;\"><strong>G\u00f6rev ve \u00dcnvan\u0131<\/strong><\/div>\n<div style=\"width:159px;float:left;margin-left:5px;\"><strong>Telefon Numaras\u0131<\/strong><\/div>\n<div style=\"clear: both;\"><\/div>\n<div style=\" float:left; margin-left:5px;\"><span class=\"wpcf7-form-control-wrap\" data-name=\"avs1\"><input type=\"text\" name=\"avs1\" value=\"\" size=\"20\" class=\"wpcf7-form-control wpcf7-text\" aria-invalid=\"false\" \/><\/span><\/div>\n<div style=\" float:left; margin-left:5px;\"><span class=\"wpcf7-form-control-wrap\" data-name=\"gvu4\"><input type=\"text\" name=\"gvu4\" value=\"\" size=\"20\" class=\"wpcf7-form-control wpcf7-text\" aria-invalid=\"false\" \/><\/span><\/div>\n<div style=\" float:left; margin-left:5px;\"><span class=\"wpcf7-form-control-wrap\" data-name=\"tn1\"><input type=\"text\" name=\"tn1\" value=\"\" size=\"20\" class=\"wpcf7-form-control wpcf7-text\" aria-invalid=\"false\" \/><\/span><\/div>\n<div style=\"clear: both;\"><\/div>\n<div style=\" float:left; margin-left:5px;\"><span class=\"wpcf7-form-control-wrap\" data-name=\"avs2\"><input type=\"text\" name=\"avs2\" value=\"\" size=\"20\" class=\"wpcf7-form-control wpcf7-text\" aria-invalid=\"false\" \/><\/span><\/div>\n<div style=\" float:left; margin-left:5px;\"><span class=\"wpcf7-form-control-wrap\" data-name=\"gvu5\"><input type=\"text\" name=\"gvu5\" value=\"\" size=\"20\" class=\"wpcf7-form-control wpcf7-text\" aria-invalid=\"false\" \/><\/span><\/div>\n<div style=\" float:left; margin-left:5px;\"><span class=\"wpcf7-form-control-wrap\" data-name=\"tn2\"><input type=\"text\" name=\"tn2\" value=\"\" size=\"20\" class=\"wpcf7-form-control wpcf7-text\" aria-invalid=\"false\" \/><\/span><\/div>\n<div style=\"clear: both;\"><\/div>\n<div style=\" float:left; margin-left:5px;\"><span class=\"wpcf7-form-control-wrap\" data-name=\"avs3\"><input type=\"text\" name=\"avs3\" value=\"\" size=\"20\" class=\"wpcf7-form-control wpcf7-text\" aria-invalid=\"false\" \/><\/span><\/div>\n<div style=\" float:left; margin-left:5px;\"><span class=\"wpcf7-form-control-wrap\" data-name=\"gvu6\"><input type=\"text\" name=\"gvu6\" value=\"\" size=\"20\" class=\"wpcf7-form-control wpcf7-text\" aria-invalid=\"false\" \/><\/span><\/div>\n<div style=\" float:left; margin-left:5px;\"><span class=\"wpcf7-form-control-wrap\" data-name=\"tn3\"><input type=\"text\" name=\"tn3\" value=\"\" size=\"20\" class=\"wpcf7-form-control wpcf7-text\" aria-invalid=\"false\" \/><\/span><\/div>\n<\/div>\n<p>&nbsp<\/p>\n<p>&nbsp<\/p>\n<p>&nbsp<\/p>\n<p>&nbsp<\/p>\n<p>&nbsp<\/p>\n<p>&nbsp<\/p>\n<p>&nbsp<\/p>\n<p>&nbsp<\/p>\n<p>&nbsp<\/p>\n<p>&nbsp<\/p>\n<div style=\"font-weight: bold; \"><strong>Belirtmek istedi\u011finiz di\u011fer hususlar<\/strong><\/div>\n<div>\n<span class=\"wpcf7-form-control-wrap\" data-name=\"husus\"><textarea name=\"husus\" cols=\"40\" rows=\"3\" class=\"wpcf7-form-control wpcf7-textarea\" aria-invalid=\"false\"><\/textarea><\/span><\/div>\n<p>Bu formu g\u00f6ndererek verdi\u011fim bilgilerin do\u011frulu\u011funu teyit ederim. <input type=\"submit\" value=\"G\u00f6nder\" class=\"wpcf7-form-control has-spinner wpcf7-submit\" \/><\/p>\n<div class=\"wpcf7-response-output\" aria-hidden=\"true\"><\/div><\/form><\/div>\n","protected":false},"excerpt":{"rendered":"L\u00fctfen Formu Eksiksiz Doldurunuz \u0130sim Soyisim Do\u011fum Yeriniz Do\u011fum Tarihiniz (gg\/aa\/yy) Uyru\u011funuz Cinsiyetiniz ErkekBayan Askerlik Durumunuz Se\u00e7inizYapm\u0131\u015fMuafTecilli Medeni Durumunuz Se\u00e7inizEvliBekarBo\u015fanm\u0131\u015f Ev Adresiniz Telefonunuz Cep Telefonunuz E-mail Adresiniz &nbsp E\u011fitim Durumunuz &nbsp Okul Ad\u0131 Mezun Olunan B\u00f6l\u00fcm \u00dcniversite Lise ilk \u00f6\u011fretim &nbsp &nbsp Bildi\u011finiz Yabanc\u0131 Diller Diller &nbsp Seviye \u0130ngilizce &nbsp Se\u00e7inizBilmiyorumAzOrta\u00c7ok Di\u011fer Se\u00e7inizBilmiyorumAzOrta\u00c7ok &nbsp &nbsp Bildi\u011finiz Bilgisayar Program ve Uygulamalar\u0131 Program veya uygulaman\u0131n ad\u0131 Seviye Se\u00e7inizBilmiyorumAzOrta\u00c7ok Se\u00e7inizBilmiyorumAzOrta\u00c7ok &nbsp Daha \u00f6nce Herhangi Bir Kurum veya Kurulu\u015fta \u00c7al\u0131\u015ft\u0131n\u0131z m\u0131 ? \u0130\u015fyerinin Ad\u0131 G\u00f6rev ve \u00dcnvan\u0131n\u0131z \u00c7al\u0131\u015fma D\u00f6neminiz &nbsp Hakk\u0131n\u0131zda referans verebilecek ki\u015filer Ad\u0131 ve Soyad\u0131 G\u00f6rev ve \u00dcnvan\u0131 Telefon Numaras\u0131 &nbsp &nbsp [...]","protected":false},"author":1,"featured_media":0,"parent":0,"menu_order":0,"comment_status":"open","ping_status":"open","template":"template-full-width.php","meta":[],"_links":{"self":[{"href":"https:\/\/www.bbalaturka.com\/index.php?rest_route=\/wp\/v2\/pages\/1376"}],"collection":[{"href":"https:\/\/www.bbalaturka.com\/index.php?rest_route=\/wp\/v2\/pages"}],"about":[{"href":"https:\/\/www.bbalaturka.com\/index.php?rest_route=\/wp\/v2\/types\/page"}],"author":[{"embeddable":true,"href":"https:\/\/www.bbalaturka.com\/index.php?rest_route=\/wp\/v2\/users\/1"}],"replies":[{"embeddable":true,"href":"https:\/\/www.bbalaturka.com\/index.php?rest_route=%2Fwp%2Fv2%2Fcomments&post=1376"}],"version-history":[{"count":0,"href":"https:\/\/www.bbalaturka.com\/index.php?rest_route=\/wp\/v2\/pages\/1376\/revisions"}],"wp:attachment":[{"href":"https:\/\/www.bbalaturka.com\/index.php?rest_route=%2Fwp%2Fv2%2Fmedia&parent=1376"}],"curies":[{"name":"wp","href":"https:\/\/api.w.org\/{rel}","templated":true}]}}