{"id":1267,"date":"2015-07-01T12:10:35","date_gmt":"2015-07-01T09:10:35","guid":{"rendered":"http:\/\/www.bbalaturka.com\/?page_id=1267"},"modified":"2017-05-27T12:28:01","modified_gmt":"2017-05-27T09:28:01","slug":"tavuk-kandi","status":"publish","type":"page","link":"https:\/\/www.bbalaturka.com\/?page_id=1267","title":{"rendered":"Tavuk Kanad\u0131"},"content":{"rendered":"<p>[vc_row][vc_column width=&#8221;1\/1&#8243;][vc_separator color=&#8221;grey&#8221; align=&#8221;align_center&#8221;][\/vc_column][\/vc_row][vc_row][vc_column width=&#8221;1\/2&#8243;][vc_single_image image=&#8221;1233&#8243; border_color=&#8221;grey&#8221; img_link_large=&#8221;&#8221; img_link_target=&#8221;_self&#8221; img_size=&#8221;large&#8221;][\/vc_column][vc_column width=&#8221;1\/2&#8243;][vc_column_text]<\/p>\n<ul>\n<li>\n<h4>A S\u0131n\u0131f\u0131<\/h4>\n<\/li>\n<li>\n<h4>Hi\u00e7 bir k\u0131r\u0131k yok<\/h4>\n<\/li>\n<li>\n<h4>Siyah leke yok<\/h4>\n<\/li>\n<li>\n<h4>Koku yok<\/h4>\n<\/li>\n<li>\n<h4>Dondurulmu\u015f<\/h4>\n<\/li>\n<li>\n<h4>5 kg po\u015fetlerde<\/h4>\n<\/li>\n<li>\n<h4>5&#215;4=20kg koli i\u00e7erisinde<\/h4>\n<\/li>\n<\/ul>\n<p>[\/vc_column_text][vc_gallery type=&#8221;image_grid&#8221; interval=&#8221;3&#8243; images=&#8221;1273,1274,1233&#8243; onclick=&#8221;link_image&#8221; custom_links_target=&#8221;_self&#8221; img_size=&#8221;200&#215;100&#8243;][\/vc_column][\/vc_row]<\/p>\n","protected":false},"excerpt":{"rendered":"<p>[vc_row][vc_column width=&#8221;1\/1&#8243;][vc_separator color=&#8221;grey&#8221; align=&#8221;align_center&#8221;][\/vc_column][\/vc_row][vc_row][vc_column width=&#8221;1\/2&#8243;][vc_single_image image=&#8221;1233&#8243; border_color=&#8221;grey&#8221; img_link_large=&#8221;&#8221; img_link_target=&#8221;_self&#8221; img_size=&#8221;large&#8221;][\/vc_column][vc_column width=&#8221;1\/2&#8243;][vc_column_text] A S\u0131n\u0131f\u0131 Hi\u00e7 bir k\u0131r\u0131k yok Siyah leke yok Koku yok Dondurulmu\u015f 5 kg po\u015fetlerde 5&#215;4=20kg koli i\u00e7erisinde [\/vc_column_text][vc_gallery type=&#8221;image_grid&#8221; interval=&#8221;3&#8243; images=&#8221;1273,1274,1233&#8243; onclick=&#8221;link_image&#8221; custom_links_target=&#8221;_self&#8221; img_size=&#8221;200&#215;100&#8243;][\/vc_column][\/vc_row]<\/p>\n","protected":false},"author":1,"featured_media":0,"parent":0,"menu_order":0,"comment_status":"open","ping_status":"open","template":"template-full-width.php","meta":[],"_links":{"self":[{"href":"https:\/\/www.bbalaturka.com\/index.php?rest_route=\/wp\/v2\/pages\/1267"}],"collection":[{"href":"https:\/\/www.bbalaturka.com\/index.php?rest_route=\/wp\/v2\/pages"}],"about":[{"href":"https:\/\/www.bbalaturka.com\/index.php?rest_route=\/wp\/v2\/types\/page"}],"author":[{"embeddable":true,"href":"https:\/\/www.bbalaturka.com\/index.php?rest_route=\/wp\/v2\/users\/1"}],"replies":[{"embeddable":true,"href":"https:\/\/www.bbalaturka.com\/index.php?rest_route=%2Fwp%2Fv2%2Fcomments&post=1267"}],"version-history":[{"count":0,"href":"https:\/\/www.bbalaturka.com\/index.php?rest_route=\/wp\/v2\/pages\/1267\/revisions"}],"wp:attachment":[{"href":"https:\/\/www.bbalaturka.com\/index.php?rest_route=%2Fwp%2Fv2%2Fmedia&parent=1267"}],"curies":[{"name":"wp","href":"https:\/\/api.w.org\/{rel}","templated":true}]}}