{"id":1252,"date":"2015-07-01T11:58:18","date_gmt":"2015-07-01T08:58:18","guid":{"rendered":"http:\/\/www.bbalaturka.com\/?page_id=1252"},"modified":"2020-10-28T12:51:22","modified_gmt":"2020-10-28T09:51:22","slug":"tavuk-ayagi","status":"publish","type":"page","link":"https:\/\/www.bbalaturka.com\/?page_id=1252","title":{"rendered":"Tavuk Aya\u011fi"},"content":{"rendered":"<p>[vc_row][vc_column][vc_separator][\/vc_column][\/vc_row][vc_row][vc_column width=&#8221;1\/2&#8243;][vc_single_image image=&#8221;1248&#8243; img_size=&#8221;large&#8221;][\/vc_column][vc_column width=&#8221;1\/2&#8243;][vc_column_text]<\/p>\n<ul>\n<li>\n<h4>A S\u0131n\u0131f\u0131<\/h4>\n<\/li>\n<li>\n<h4>Hi\u00e7 bir k\u0131r\u0131k yok<\/h4>\n<\/li>\n<li>\n<h4>Siyah leke yok<\/h4>\n<\/li>\n<li>\n<h4>Koku yok<\/h4>\n<\/li>\n<li>\n<h4>20-45 gr A\u011f\u0131rl\u0131\u011f\u0131nda<\/h4>\n<\/li>\n<li>\n<h4>Dondurulmu\u015f<\/h4>\n<\/li>\n<li>\n<h4>10 kg po\u015fetlerde<\/h4>\n<\/li>\n<li>\n<h4>10&#215;2=20kg koli i\u00e7erisinde<\/h4>\n<\/li>\n<\/ul>\n<p>[\/vc_column_text][vc_gallery type=&#8221;image_grid&#8221; images=&#8221;6320,6321,6322,6323,6324,6325,6326,6327,6328,6329,6330,6331,6332,6333,6334,6335&#8243; img_size=&#8221;200&#215;100&#8243;][\/vc_column][\/vc_row][vc_row][vc_column][\/vc_column][\/vc_row]<\/p>\n","protected":false},"excerpt":{"rendered":"<p>[vc_row][vc_column][vc_separator][\/vc_column][\/vc_row][vc_row][vc_column width=&#8221;1\/2&#8243;][vc_single_image image=&#8221;1248&#8243; img_size=&#8221;large&#8221;][\/vc_column][vc_column width=&#8221;1\/2&#8243;][vc_column_text] A S\u0131n\u0131f\u0131 Hi\u00e7 bir k\u0131r\u0131k yok Siyah leke yok Koku yok 20-45 gr A\u011f\u0131rl\u0131\u011f\u0131nda Dondurulmu\u015f 10 kg po\u015fetlerde 10&#215;2=20kg koli i\u00e7erisinde [\/vc_column_text][vc_gallery type=&#8221;image_grid&#8221; images=&#8221;6320,6321,6322,6323,6324,6325,6326,6327,6328,6329,6330,6331,6332,6333,6334,6335&#8243; img_size=&#8221;200&#215;100&#8243;][\/vc_column][\/vc_row][vc_row][vc_column][\/vc_column][\/vc_row]<\/p>\n","protected":false},"author":1,"featured_media":0,"parent":0,"menu_order":0,"comment_status":"open","ping_status":"open","template":"template-full-width.php","meta":[],"_links":{"self":[{"href":"https:\/\/www.bbalaturka.com\/index.php?rest_route=\/wp\/v2\/pages\/1252"}],"collection":[{"href":"https:\/\/www.bbalaturka.com\/index.php?rest_route=\/wp\/v2\/pages"}],"about":[{"href":"https:\/\/www.bbalaturka.com\/index.php?rest_route=\/wp\/v2\/types\/page"}],"author":[{"embeddable":true,"href":"https:\/\/www.bbalaturka.com\/index.php?rest_route=\/wp\/v2\/users\/1"}],"replies":[{"embeddable":true,"href":"https:\/\/www.bbalaturka.com\/index.php?rest_route=%2Fwp%2Fv2%2Fcomments&post=1252"}],"version-history":[{"count":3,"href":"https:\/\/www.bbalaturka.com\/index.php?rest_route=\/wp\/v2\/pages\/1252\/revisions"}],"predecessor-version":[{"id":6338,"href":"https:\/\/www.bbalaturka.com\/index.php?rest_route=\/wp\/v2\/pages\/1252\/revisions\/6338"}],"wp:attachment":[{"href":"https:\/\/www.bbalaturka.com\/index.php?rest_route=%2Fwp%2Fv2%2Fmedia&parent=1252"}],"curies":[{"name":"wp","href":"https:\/\/api.w.org\/{rel}","templated":true}]}}