{"id":6261,"date":"2020-06-05T18:50:33","date_gmt":"2020-06-05T15:50:33","guid":{"rendered":"http:\/\/www.bbalaturka.com\/?page_id=6261"},"modified":"2020-06-06T09:13:03","modified_gmt":"2020-06-06T06:13:03","slug":"covid-19-hijyen-urunleri","status":"publish","type":"page","link":"http:\/\/www.bbalaturka.com\/?page_id=6261","title":{"rendered":"Covid-19 Hijyen \u00dcr\u00fcnleri"},"content":{"rendered":"<p>[vc_row][vc_column][vc_separator][\/vc_column][\/vc_row][vc_row][vc_column width=&#8221;1\/2&#8243;][vc_single_image image=&#8221;6262&#8243; img_size=&#8221;large&#8221;][\/vc_column][vc_column width=&#8221;1\/2&#8243;][vc_empty_space height=&#8221;50px&#8221;][vc_column_text]<\/p>\n<h4>MASKE<\/h4>\n<p>Hem kendi sa\u011fl\u0131\u011f\u0131n\u0131z hemde \u00e7evrenizdekilerin sa\u011fl\u0131\u011f\u0131n\u0131 korumak i\u00e7in koronavir\u00fcs ile m\u00fccadelede kullanaca\u011f\u0131n\u0131z \u00fcr\u00fcnlerin ba\u015f\u0131nda maske geliyor<\/p>\n<p>[\/vc_column_text][\/vc_column][\/vc_row][vc_row][vc_column width=&#8221;1\/2&#8243;][vc_single_image image=&#8221;6263&#8243; img_size=&#8221;large&#8221;][\/vc_column][vc_column width=&#8221;1\/2&#8243;][vc_empty_space height=&#8221;50px&#8221;][vc_column_text]<\/p>\n<h4>3 KATLI CERRAH\u0130 MASKELER\u0130M\u0130Z<\/h4>\n<p>Piyasan\u0131n aksine 3 katl\u0131 cerrahi maske lerimizde meltblown vir\u00fcs \u00f6nleyici kuma\u015f bulunuyor. 3 katl\u0131 cerrahi maskelerimiz ultrasonic kesimle \u00fcretilmi\u015ftir.<\/p>\n<p>[\/vc_column_text][\/vc_column][\/vc_row][vc_row][vc_column width=&#8221;1\/2&#8243;][vc_single_image image=&#8221;6264&#8243; img_size=&#8221;large&#8221;][\/vc_column][vc_column width=&#8221;1\/2&#8243;][vc_empty_space height=&#8221;50px&#8221;][vc_column_text]<\/p>\n<h4>KN 95 COVID-19 KAR\u015eITI MASKELER\u0130M\u0130Z<\/h4>\n<p>Esnek ve yumu\u015fak olmas\u0131 sebebiyle y\u00fcze tam uyum sa\u011flar. Hem kendinizi hem de \u00e7evrenizdekilerikorumak i\u00e7in kullanman\u0131z gereken elit bir \u00fcr\u00fcn.<\/p>\n<p>[\/vc_column_text][\/vc_column][\/vc_row][vc_row][vc_column width=&#8221;1\/2&#8243;][vc_single_image image=&#8221;6265&#8243; img_size=&#8221;large&#8221;][\/vc_column][vc_column width=&#8221;1\/2&#8243;][vc_empty_space height=&#8221;50px&#8221;][vc_column_text]<\/p>\n<h4>MASKE TOKASI<\/h4>\n<p>Maske tokalar\u0131 y\u00fcz maskelerini koronavir\u00fcs hastalar\u0131n\u0131 tedavi eden t\u0131bbi \u00e7al\u0131\u015fanlar ve di\u011fer kullan\u0131c\u0131lar i\u00e7in daha az a\u011fr\u0131l\u0131 hale getirir. Plastik tokan\u0131n her iki yan\u0131ndaki k\u00fc\u00e7\u00fck \u00e7ubuklar, maske takan ba\u015f\u0131n\u0131n arkas\u0131ndaki elastik gerginli\u011fi tutar, b\u00f6ylece kulaklar\u0131na ac\u0131 verici bir bask\u0131 yapmaz.<\/p>\n<p>[\/vc_column_text][\/vc_column][\/vc_row][vc_row][vc_column width=&#8221;1\/2&#8243;][vc_single_image image=&#8221;6266&#8243; img_size=&#8221;large&#8221;][\/vc_column][vc_column width=&#8221;1\/2&#8243;][vc_empty_space height=&#8221;50px&#8221;][vc_column_text]<\/p>\n<h4>KORUYUCU S\u0130PERL\u0130K<\/h4>\n<p>Koruyucu siperliklerin giyilmesi, dezenfekte edilmesi ve yeniden kullan\u0131lmas\u0131, kuma\u015f veya cerrahi y\u00fcz kaplamalar\u0131ndan daha kolayd\u0131r .K\u00fc\u00e7\u00fck koronavir\u00fcs damlac\u0131klar\u0131n\u0131n hava ak\u0131mlar\u0131nda y\u00fczerek v\u00fccuda ula\u015fmas\u0131n\u0131 engeller, g\u00f6zleri ve solunum sistemine giri\u015flerini \u00f6nler.<\/p>\n<p>[\/vc_column_text][\/vc_column][\/vc_row][vc_row][vc_column width=&#8221;1\/2&#8243;][vc_single_image image=&#8221;6267&#8243; img_size=&#8221;large&#8221;][\/vc_column][vc_column width=&#8221;1\/2&#8243;][vc_empty_space height=&#8221;50px&#8221;][vc_column_text]<\/p>\n<h4>TIBB\u0130 KORUYUCU TULUM<\/h4>\n<p>V\u00fccut \u00f6l\u00e7\u00fclerinize uygun sizi Covid-19\u2019a kar\u015f\u0131 koruyacak t\u0131bbi tulumlar\u0131n adresindesiniz.<br \/>\nYou are at the address of medical protective cloths which is suitable for your body size and it will protect you against Covid-19.<\/p>\n<p>[\/vc_column_text][\/vc_column][\/vc_row][vc_row][vc_column width=&#8221;1\/2&#8243;][vc_single_image image=&#8221;6268&#8243; img_size=&#8221;large&#8221;][\/vc_column][vc_column width=&#8221;1\/2&#8243;][vc_empty_space height=&#8221;50px&#8221;][vc_column_text]<\/p>\n<h4>CERRAH\u0130 \u00d6NL\u00dcK<\/h4>\n<p>Cerrahi \u00f6nl\u00fcklerimiz, kan\u0131n \u00e7arpmas\u0131n\u0131 ve s\u0131v\u0131 kontaminasyonunu \u00f6nlemek i\u00e7in bariyer<br \/>\nkorumas\u0131 sa\u011flar. Cerrahi \u00f6nl\u00fcklerimiz sterildir ve farkl\u0131 beden \u00f6l\u00e7\u00fcleri mevcuttur.<\/p>\n<p>[\/vc_column_text][\/vc_column][\/vc_row][vc_row][vc_column width=&#8221;1\/2&#8243;][vc_single_image image=&#8221;6269&#8243; img_size=&#8221;large&#8221;][\/vc_column][vc_column width=&#8221;1\/2&#8243;][vc_empty_space height=&#8221;50px&#8221;][vc_column_text]<\/p>\n<h4>H\u0130JYENMAT\u0130K AYAK BASMALI STAND<\/h4>\n<p>Profesyonel Ayaktan Basmal\u0131 Dezenfektan Aparat\u0131 Stand\u0131<br \/>\nY\u00fckl\u00fc Al\u0131mlar \u0130\u00e7in L\u00fctfen \u00d6zel Fiyat \u0130steyiniz&#8230;<br \/>\nKurumunuz \u0130\u00e7in \u00d6zel Logo ve Tasar\u0131m Yap\u0131labilir.<br \/>\nTESL\u0130MAT Sipari\u015ften Sonra Max 4 g\u00fcn.<\/p>\n<p>[\/vc_column_text][\/vc_column][\/vc_row][vc_row][vc_column width=&#8221;1\/2&#8243;][vc_single_image image=&#8221;6270&#8243; img_size=&#8221;large&#8221;][\/vc_column][vc_column width=&#8221;1\/2&#8243;][vc_empty_space height=&#8221;50px&#8221;][vc_column_text]<\/p>\n<h4>MED\u0130KAL ELD\u0130VEN<\/h4>\n<p>Genel kullan\u0131mlar ve medikal kullan\u0131mlar i\u00e7indir.<br \/>\n-Hafif hizmet tipi temizlikte kullan\u0131l\u0131r.<br \/>\n-G\u0131da i\u015fleme i\u015flerinde kullan\u0131l\u0131r.<br \/>\n-Pudras\u0131zd\u0131r.<br \/>\n-Steril de\u011fildir.<br \/>\n-Tek kullan\u0131ml\u0131k.<br \/>\n-Her iki ele uygun.<br \/>\n&#8211; Kutusunda 100 adet eldiven bulunur.<\/p>\n<p>[\/vc_column_text][\/vc_column][\/vc_row]<\/p>\n","protected":false},"excerpt":{"rendered":"<p>[vc_row][vc_column][vc_separator][\/vc_column][\/vc_row][vc_row][vc_column width=&#8221;1\/2&#8243;][vc_single_image image=&#8221;6262&#8243; img_size=&#8221;large&#8221;][\/vc_column][vc_column width=&#8221;1\/2&#8243;][vc_empty_space height=&#8221;50px&#8221;][vc_column_text] MASKE Hem kendi sa\u011fl\u0131\u011f\u0131n\u0131z hemde \u00e7evrenizdekilerin sa\u011fl\u0131\u011f\u0131n\u0131 korumak i\u00e7in koronavir\u00fcs ile m\u00fccadelede kullanaca\u011f\u0131n\u0131z \u00fcr\u00fcnlerin ba\u015f\u0131nda maske geliyor [\/vc_column_text][\/vc_column][\/vc_row][vc_row][vc_column width=&#8221;1\/2&#8243;][vc_single_image image=&#8221;6263&#8243; img_size=&#8221;large&#8221;][\/vc_column][vc_column width=&#8221;1\/2&#8243;][vc_empty_space height=&#8221;50px&#8221;][vc_column_text] 3 KATLI CERRAH\u0130 MASKELER\u0130M\u0130Z Piyasan\u0131n aksine 3 katl\u0131 cerrahi maske lerimizde meltblown vir\u00fcs \u00f6nleyici kuma\u015f bulunuyor. 3 katl\u0131 cerrahi maskelerimiz ultrasonic kesimle \u00fcretilmi\u015ftir. [\/vc_column_text][\/vc_column][\/vc_row][vc_row][vc_column width=&#8221;1\/2&#8243;][vc_single_image image=&#8221;6264&#8243; img_size=&#8221;large&#8221;][\/vc_column][vc_column width=&#8221;1\/2&#8243;][vc_empty_space height=&#8221;50px&#8221;][vc_column_text] KN 95 COVID-19 KAR\u015eITI MASKELER\u0130M\u0130Z Esnek ve yumu\u015fak olmas\u0131 sebebiyle y\u00fcze tam uyum sa\u011flar. Hem kendinizi hem de \u00e7evrenizdekilerikorumak i\u00e7in kullanman\u0131z gereken elit bir \u00fcr\u00fcn. [\/vc_column_text][\/vc_column][\/vc_row][vc_row][vc_column width=&#8221;1\/2&#8243;][vc_single_image image=&#8221;6265&#8243; img_size=&#8221;large&#8221;][\/vc_column][vc_column width=&#8221;1\/2&#8243;][vc_empty_space height=&#8221;50px&#8221;][vc_column_text] MASKE TOKASI Maske tokalar\u0131 y\u00fcz maskelerini koronavir\u00fcs hastalar\u0131n\u0131 tedavi eden t\u0131bbi [&hellip;]<\/p>\n","protected":false},"author":1,"featured_media":0,"parent":0,"menu_order":0,"comment_status":"closed","ping_status":"closed","template":"","meta":[],"_links":{"self":[{"href":"http:\/\/www.bbalaturka.com\/index.php?rest_route=\/wp\/v2\/pages\/6261"}],"collection":[{"href":"http:\/\/www.bbalaturka.com\/index.php?rest_route=\/wp\/v2\/pages"}],"about":[{"href":"http:\/\/www.bbalaturka.com\/index.php?rest_route=\/wp\/v2\/types\/page"}],"author":[{"embeddable":true,"href":"http:\/\/www.bbalaturka.com\/index.php?rest_route=\/wp\/v2\/users\/1"}],"replies":[{"embeddable":true,"href":"http:\/\/www.bbalaturka.com\/index.php?rest_route=%2Fwp%2Fv2%2Fcomments&post=6261"}],"version-history":[{"count":8,"href":"http:\/\/www.bbalaturka.com\/index.php?rest_route=\/wp\/v2\/pages\/6261\/revisions"}],"predecessor-version":[{"id":6280,"href":"http:\/\/www.bbalaturka.com\/index.php?rest_route=\/wp\/v2\/pages\/6261\/revisions\/6280"}],"wp:attachment":[{"href":"http:\/\/www.bbalaturka.com\/index.php?rest_route=%2Fwp%2Fv2%2Fmedia&parent=6261"}],"curies":[{"name":"wp","href":"https:\/\/api.w.org\/{rel}","templated":true}]}}