{"id":1414,"date":"2015-07-01T17:21:04","date_gmt":"2015-07-01T14:21:04","guid":{"rendered":"http:\/\/www.bbalaturka.com\/?page_id=1414"},"modified":"2017-05-27T12:17:41","modified_gmt":"2017-05-27T09:17:41","slug":"meyve-ve-sebze-cesitleri","status":"publish","type":"page","link":"http:\/\/www.bbalaturka.com\/?page_id=1414","title":{"rendered":"Meyve ve Sebze \u00c7e\u015fitleri"},"content":{"rendered":"<p>[vc_row][vc_column width=&#8221;1\/1&#8243;][vc_separator color=&#8221;grey&#8221; align=&#8221;align_center&#8221;][\/vc_column][\/vc_row][vc_row][vc_column width=&#8221;1\/2&#8243;][vc_single_image image=&#8221;1386&#8243; alignment=&#8221;center&#8221; border_color=&#8221;grey&#8221; img_link_large=&#8221;&#8221; img_link_target=&#8221;_self&#8221; img_size=&#8221;large&#8221;][\/vc_column][vc_column width=&#8221;1\/2&#8243;][vc_column_text]<\/p>\n<h4>M\u00fc\u015fteri odakl\u0131 firma olmam\u0131zdan dolay\u0131 sipari\u015f<\/h4>\n<h4>\u00fczeri istedi\u011finiz \u00fcr\u00fcn gam\u0131nda \u00e7al\u0131\u015f\u0131lmaktad\u0131r.<\/h4>\n<p>[\/vc_column_text][vc_separator color=&#8221;grey&#8221; align=&#8221;align_center&#8221;][vc_gallery type=&#8221;image_grid&#8221; interval=&#8221;3&#8243; images=&#8221;1415,1416,1417,1418,1419,1421&#8243; onclick=&#8221;link_image&#8221; custom_links_target=&#8221;_self&#8221;][\/vc_column][\/vc_row]<\/p>\n","protected":false},"excerpt":{"rendered":"<p>[vc_row][vc_column width=&#8221;1\/1&#8243;][vc_separator color=&#8221;grey&#8221; align=&#8221;align_center&#8221;][\/vc_column][\/vc_row][vc_row][vc_column width=&#8221;1\/2&#8243;][vc_single_image image=&#8221;1386&#8243; alignment=&#8221;center&#8221; border_color=&#8221;grey&#8221; img_link_large=&#8221;&#8221; img_link_target=&#8221;_self&#8221; img_size=&#8221;large&#8221;][\/vc_column][vc_column width=&#8221;1\/2&#8243;][vc_column_text] M\u00fc\u015fteri odakl\u0131 firma olmam\u0131zdan dolay\u0131 sipari\u015f \u00fczeri istedi\u011finiz \u00fcr\u00fcn gam\u0131nda \u00e7al\u0131\u015f\u0131lmaktad\u0131r. [\/vc_column_text][vc_separator color=&#8221;grey&#8221; align=&#8221;align_center&#8221;][vc_gallery type=&#8221;image_grid&#8221; interval=&#8221;3&#8243; images=&#8221;1415,1416,1417,1418,1419,1421&#8243; onclick=&#8221;link_image&#8221; custom_links_target=&#8221;_self&#8221;][\/vc_column][\/vc_row]<\/p>\n","protected":false},"author":1,"featured_media":0,"parent":0,"menu_order":0,"comment_status":"open","ping_status":"open","template":"template-full-width.php","meta":[],"_links":{"self":[{"href":"http:\/\/www.bbalaturka.com\/index.php?rest_route=\/wp\/v2\/pages\/1414"}],"collection":[{"href":"http:\/\/www.bbalaturka.com\/index.php?rest_route=\/wp\/v2\/pages"}],"about":[{"href":"http:\/\/www.bbalaturka.com\/index.php?rest_route=\/wp\/v2\/types\/page"}],"author":[{"embeddable":true,"href":"http:\/\/www.bbalaturka.com\/index.php?rest_route=\/wp\/v2\/users\/1"}],"replies":[{"embeddable":true,"href":"http:\/\/www.bbalaturka.com\/index.php?rest_route=%2Fwp%2Fv2%2Fcomments&post=1414"}],"version-history":[{"count":0,"href":"http:\/\/www.bbalaturka.com\/index.php?rest_route=\/wp\/v2\/pages\/1414\/revisions"}],"wp:attachment":[{"href":"http:\/\/www.bbalaturka.com\/index.php?rest_route=%2Fwp%2Fv2%2Fmedia&parent=1414"}],"curies":[{"name":"wp","href":"https:\/\/api.w.org\/{rel}","templated":true}]}}