{"id":1345,"date":"2015-07-01T14:08:58","date_gmt":"2015-07-01T11:08:58","guid":{"rendered":"http:\/\/www.bbalaturka.com\/?page_id=1345"},"modified":"2017-05-27T12:12:49","modified_gmt":"2017-05-27T09:12:49","slug":"kursun-bakir-cinko","status":"publish","type":"page","link":"http:\/\/www.bbalaturka.com\/?page_id=1345","title":{"rendered":"Kur\u015fun-Bak\u0131r-\u00c7inko"},"content":{"rendered":"<p>[vc_row][vc_column width=&#8221;1\/1&#8243;][vc_separator color=&#8221;grey&#8221; align=&#8221;align_center&#8221; style=&#8221;&#8221; border_width=&#8221;&#8221; el_width=&#8221;&#8221;][\/vc_column][\/vc_row][vc_row][vc_column width=&#8221;1\/2&#8243;][vc_single_image image=&#8221;1243&#8243; border_color=&#8221;grey&#8221; img_link_large=&#8221;&#8221; img_link_target=&#8221;_self&#8221; img_size=&#8221;large&#8221;][\/vc_column][vc_column width=&#8221;1\/2&#8243;][vc_column_text]<\/p>\n<ul>\n<li>\n<h4>K\u00fcl\u00e7e<\/h4>\n<\/li>\n<li>\n<h4>1.el<\/h4>\n<\/li>\n<li>\n<h4>2.el<\/h4>\n<\/li>\n<li>\n<h4>Safl\u0131k %99.99 oran\u0131nda<\/h4>\n<\/li>\n<\/ul>\n<p>[\/vc_column_text][vc_gallery type=&#8221;image_grid&#8221; interval=&#8221;3&#8243; images=&#8221;1348,1349,1350,1356&#8243; onclick=&#8221;link_image&#8221; custom_links_target=&#8221;_self&#8221; img_size=&#8221;200&#215;100&#8243;][\/vc_column][\/vc_row]<\/p>\n","protected":false},"excerpt":{"rendered":"<p>[vc_row][vc_column width=&#8221;1\/1&#8243;][vc_separator color=&#8221;grey&#8221; align=&#8221;align_center&#8221; style=&#8221;&#8221; border_width=&#8221;&#8221; el_width=&#8221;&#8221;][\/vc_column][\/vc_row][vc_row][vc_column width=&#8221;1\/2&#8243;][vc_single_image image=&#8221;1243&#8243; border_color=&#8221;grey&#8221; img_link_large=&#8221;&#8221; img_link_target=&#8221;_self&#8221; img_size=&#8221;large&#8221;][\/vc_column][vc_column width=&#8221;1\/2&#8243;][vc_column_text] K\u00fcl\u00e7e 1.el 2.el Safl\u0131k %99.99 oran\u0131nda [\/vc_column_text][vc_gallery type=&#8221;image_grid&#8221; interval=&#8221;3&#8243; images=&#8221;1348,1349,1350,1356&#8243; onclick=&#8221;link_image&#8221; custom_links_target=&#8221;_self&#8221; img_size=&#8221;200&#215;100&#8243;][\/vc_column][\/vc_row]<\/p>\n","protected":false},"author":1,"featured_media":0,"parent":0,"menu_order":0,"comment_status":"open","ping_status":"open","template":"template-full-width.php","meta":[],"_links":{"self":[{"href":"http:\/\/www.bbalaturka.com\/index.php?rest_route=\/wp\/v2\/pages\/1345"}],"collection":[{"href":"http:\/\/www.bbalaturka.com\/index.php?rest_route=\/wp\/v2\/pages"}],"about":[{"href":"http:\/\/www.bbalaturka.com\/index.php?rest_route=\/wp\/v2\/types\/page"}],"author":[{"embeddable":true,"href":"http:\/\/www.bbalaturka.com\/index.php?rest_route=\/wp\/v2\/users\/1"}],"replies":[{"embeddable":true,"href":"http:\/\/www.bbalaturka.com\/index.php?rest_route=%2Fwp%2Fv2%2Fcomments&post=1345"}],"version-history":[{"count":0,"href":"http:\/\/www.bbalaturka.com\/index.php?rest_route=\/wp\/v2\/pages\/1345\/revisions"}],"wp:attachment":[{"href":"http:\/\/www.bbalaturka.com\/index.php?rest_route=%2Fwp%2Fv2%2Fmedia&parent=1345"}],"curies":[{"name":"wp","href":"https:\/\/api.w.org\/{rel}","templated":true}]}}