{"id":1327,"date":"2015-07-01T13:26:12","date_gmt":"2015-07-01T10:26:12","guid":{"rendered":"http:\/\/www.bbalaturka.com\/?page_id=1327"},"modified":"2017-05-27T12:08:29","modified_gmt":"2017-05-27T09:08:29","slug":"is-makinasi","status":"publish","type":"page","link":"http:\/\/www.bbalaturka.com\/?page_id=1327","title":{"rendered":"\u0130\u015f Makinas\u0131"},"content":{"rendered":"<p>[vc_row][vc_column][vc_separator][\/vc_column][\/vc_row][vc_row][vc_column width=&#8221;1\/2&#8243;][vc_single_image image=&#8221;1247&#8243; img_size=&#8221;large&#8221;][\/vc_column][vc_column width=&#8221;1\/2&#8243;][vc_column_text]<\/p>\n<h3 style=\"text-align: center;\">2.el \u00e7e\u015fitli i\u015f makinalar\u0131<\/h3>\n<ul>\n<ul>\n<li>Asfalt Kaz\u0131ma &amp; Kanal A\u00e7ma<\/li>\n<li>Dozer<\/li>\n<li>Ekskavat\u00f6r<\/li>\n<li>Kaya Delici<\/li>\n<li><\/li>\n<\/ul>\n<\/ul>\n<ul>\n<li>Fini\u015fer<\/li>\n<li>Kaya Kamyonu<\/li>\n<li>Loder<\/li>\n<li>Silindir<\/li>\n<li>Mobil Vin\u00e7<\/li>\n<li>Transmikser<\/li>\n<\/ul>\n<p>[\/vc_column_text][vc_separator][\/vc_column][\/vc_row][vc_row][vc_column][vc_gallery type=&#8221;image_grid&#8221; images=&#8221;1332,1333,1334,1335&#8243; img_size=&#8221;200&#215;100&#8243;][\/vc_column][\/vc_row]<\/p>\n","protected":false},"excerpt":{"rendered":"<p>[vc_row][vc_column][vc_separator][\/vc_column][\/vc_row][vc_row][vc_column width=&#8221;1\/2&#8243;][vc_single_image image=&#8221;1247&#8243; img_size=&#8221;large&#8221;][\/vc_column][vc_column width=&#8221;1\/2&#8243;][vc_column_text] 2.el \u00e7e\u015fitli i\u015f makinalar\u0131 Asfalt Kaz\u0131ma &amp; Kanal A\u00e7ma Dozer Ekskavat\u00f6r Kaya Delici Fini\u015fer Kaya Kamyonu Loder Silindir Mobil Vin\u00e7 Transmikser [\/vc_column_text][vc_separator][\/vc_column][\/vc_row][vc_row][vc_column][vc_gallery type=&#8221;image_grid&#8221; images=&#8221;1332,1333,1334,1335&#8243; img_size=&#8221;200&#215;100&#8243;][\/vc_column][\/vc_row]<\/p>\n","protected":false},"author":1,"featured_media":0,"parent":0,"menu_order":0,"comment_status":"open","ping_status":"open","template":"template-full-width.php","meta":[],"_links":{"self":[{"href":"http:\/\/www.bbalaturka.com\/index.php?rest_route=\/wp\/v2\/pages\/1327"}],"collection":[{"href":"http:\/\/www.bbalaturka.com\/index.php?rest_route=\/wp\/v2\/pages"}],"about":[{"href":"http:\/\/www.bbalaturka.com\/index.php?rest_route=\/wp\/v2\/types\/page"}],"author":[{"embeddable":true,"href":"http:\/\/www.bbalaturka.com\/index.php?rest_route=\/wp\/v2\/users\/1"}],"replies":[{"embeddable":true,"href":"http:\/\/www.bbalaturka.com\/index.php?rest_route=%2Fwp%2Fv2%2Fcomments&post=1327"}],"version-history":[{"count":0,"href":"http:\/\/www.bbalaturka.com\/index.php?rest_route=\/wp\/v2\/pages\/1327\/revisions"}],"wp:attachment":[{"href":"http:\/\/www.bbalaturka.com\/index.php?rest_route=%2Fwp%2Fv2%2Fmedia&parent=1327"}],"curies":[{"name":"wp","href":"https:\/\/api.w.org\/{rel}","templated":true}]}}