{"id":1285,"date":"2015-07-01T12:39:16","date_gmt":"2015-07-01T09:39:16","guid":{"rendered":"http:\/\/www.bbalaturka.com\/?page_id=1285"},"modified":"2017-05-27T11:49:41","modified_gmt":"2017-05-27T08:49:41","slug":"ev-tekstili","status":"publish","type":"page","link":"http:\/\/www.bbalaturka.com\/?page_id=1285","title":{"rendered":"Ev Tekstili"},"content":{"rendered":"<p>[vc_row][vc_column][vc_separator][\/vc_column][\/vc_row][vc_row][vc_column width=&#8221;1\/2&#8243;][vc_single_image image=&#8221;1240&#8243; img_size=&#8221;large&#8221;][\/vc_column][vc_column width=&#8221;1\/2&#8243;][vc_column_text]\u00c7ift ki\u015filik  nevresim tak\u0131m\u0131,<\/p>\n<p>Ebatlar :<\/p>\n<ul>\n<ul>\n<li>      Nevresim  : 200 x 220 cm<\/li>\n<\/ul>\n<\/ul>\n<p>&nbsp;<\/p>\n<ul>\n<li>      \u00c7ar\u015faf         : 240 x 260 cm<\/li>\n<li>      Yast\u0131k k\u0131l\u0131f\u0131 :   50 x   70 cm<\/li>\n<\/ul>\n<ul>\n<li>Nevresim %100 pamuk \u00e7ocuk tak\u0131m\u0131<\/li>\n<li>Nevresim %100 pamuk seten \u00e7ift ki\u015filik tak\u0131m\u0131<\/li>\n<li>Nevresim %100 pamuk seten<\/li>\n<li>Nevresim tek ki\u015filik %100 pamuk<\/li>\n<\/ul>\n<p>[\/vc_column_text][vc_gallery type=&#8221;image_grid&#8221; images=&#8221;1298,1299,1300,1301&#8243; img_size=&#8221;200&#215;100&#8243;][\/vc_column][\/vc_row]<\/p>\n","protected":false},"excerpt":{"rendered":"<p>[vc_row][vc_column][vc_separator][\/vc_column][\/vc_row][vc_row][vc_column width=&#8221;1\/2&#8243;][vc_single_image image=&#8221;1240&#8243; img_size=&#8221;large&#8221;][\/vc_column][vc_column width=&#8221;1\/2&#8243;][vc_column_text]\u00c7ift ki\u015filik nevresim tak\u0131m\u0131, Ebatlar : Nevresim : 200 x 220 cm &nbsp; \u00c7ar\u015faf : 240 x 260 cm Yast\u0131k k\u0131l\u0131f\u0131 : 50 x 70 cm Nevresim %100 pamuk \u00e7ocuk tak\u0131m\u0131 Nevresim %100 pamuk seten \u00e7ift ki\u015filik tak\u0131m\u0131 Nevresim %100 pamuk seten Nevresim tek ki\u015filik %100 pamuk [\/vc_column_text][vc_gallery type=&#8221;image_grid&#8221; images=&#8221;1298,1299,1300,1301&#8243; img_size=&#8221;200&#215;100&#8243;][\/vc_column][\/vc_row]<\/p>\n","protected":false},"author":1,"featured_media":0,"parent":0,"menu_order":0,"comment_status":"open","ping_status":"open","template":"template-full-width.php","meta":[],"_links":{"self":[{"href":"http:\/\/www.bbalaturka.com\/index.php?rest_route=\/wp\/v2\/pages\/1285"}],"collection":[{"href":"http:\/\/www.bbalaturka.com\/index.php?rest_route=\/wp\/v2\/pages"}],"about":[{"href":"http:\/\/www.bbalaturka.com\/index.php?rest_route=\/wp\/v2\/types\/page"}],"author":[{"embeddable":true,"href":"http:\/\/www.bbalaturka.com\/index.php?rest_route=\/wp\/v2\/users\/1"}],"replies":[{"embeddable":true,"href":"http:\/\/www.bbalaturka.com\/index.php?rest_route=%2Fwp%2Fv2%2Fcomments&post=1285"}],"version-history":[{"count":0,"href":"http:\/\/www.bbalaturka.com\/index.php?rest_route=\/wp\/v2\/pages\/1285\/revisions"}],"wp:attachment":[{"href":"http:\/\/www.bbalaturka.com\/index.php?rest_route=%2Fwp%2Fv2%2Fmedia&parent=1285"}],"curies":[{"name":"wp","href":"https:\/\/api.w.org\/{rel}","templated":true}]}}