{"id":1278,"date":"2015-07-01T12:30:58","date_gmt":"2015-07-01T09:30:58","guid":{"rendered":"http:\/\/www.bbalaturka.com\/?page_id=1278"},"modified":"2017-05-27T12:33:47","modified_gmt":"2017-05-27T09:33:47","slug":"zeytin-yagi","status":"publish","type":"page","link":"http:\/\/www.bbalaturka.com\/?page_id=1278","title":{"rendered":"Zeytin Ya\u011f\u0131"},"content":{"rendered":"<p>[vc_row][vc_column width=&#8221;1\/1&#8243;][vc_separator color=&#8221;grey&#8221; align=&#8221;align_center&#8221;][\/vc_column][\/vc_row][vc_row][vc_column width=&#8221;1\/2&#8243;][vc_single_image image=&#8221;1238&#8243; border_color=&#8221;grey&#8221; img_link_large=&#8221;&#8221; img_link_target=&#8221;_self&#8221; img_size=&#8221;large&#8221;][\/vc_column][vc_column width=&#8221;1\/2&#8243;][vc_column_text]<\/p>\n<ul>\n<li>\n<h4>A S\u0131n\u0131f\u0131<\/h4>\n<\/li>\n<li>\n<h4>Naturel s\u0131zma zeytin ya\u011f<\/h4>\n<\/li>\n<li>\n<h4>0.08 Asit oran\u0131<\/h4>\n<\/li>\n<li>\n<h4>Cam \u015fi\u015fede (1lti 1.5lt)<\/h4>\n<\/li>\n<li>\n<h4>Teneke (5lt, 10lt, 15lt, 20lt)<\/h4>\n<\/li>\n<li>\n<h4>Salatal\u0131k ve yemeklik \u00e7e\u015fit zeytin ya\u011f\u0131<\/h4>\n<\/li>\n<\/ul>\n<p>[\/vc_column_text][vc_gallery type=&#8221;image_grid&#8221; interval=&#8221;3&#8243; images=&#8221;1279,1280,1281,1282&#8243; onclick=&#8221;link_image&#8221; custom_links_target=&#8221;_self&#8221; img_size=&#8221;200&#215;100&#8243;][\/vc_column][\/vc_row] <\/p>\n","protected":false},"excerpt":{"rendered":"<p>[vc_row][vc_column width=&#8221;1\/1&#8243;][vc_separator color=&#8221;grey&#8221; align=&#8221;align_center&#8221;][\/vc_column][\/vc_row][vc_row][vc_column width=&#8221;1\/2&#8243;][vc_single_image image=&#8221;1238&#8243; border_color=&#8221;grey&#8221; img_link_large=&#8221;&#8221; img_link_target=&#8221;_self&#8221; img_size=&#8221;large&#8221;][\/vc_column][vc_column width=&#8221;1\/2&#8243;][vc_column_text] A S\u0131n\u0131f\u0131 Naturel s\u0131zma zeytin ya\u011f 0.08 Asit oran\u0131 Cam \u015fi\u015fede (1lti 1.5lt) Teneke (5lt, 10lt, 15lt, 20lt) Salatal\u0131k ve yemeklik \u00e7e\u015fit zeytin ya\u011f\u0131 [\/vc_column_text][vc_gallery type=&#8221;image_grid&#8221; interval=&#8221;3&#8243; images=&#8221;1279,1280,1281,1282&#8243; onclick=&#8221;link_image&#8221; custom_links_target=&#8221;_self&#8221; img_size=&#8221;200&#215;100&#8243;][\/vc_column][\/vc_row]<\/p>\n","protected":false},"author":1,"featured_media":0,"parent":0,"menu_order":0,"comment_status":"open","ping_status":"open","template":"template-full-width.php","meta":[],"_links":{"self":[{"href":"http:\/\/www.bbalaturka.com\/index.php?rest_route=\/wp\/v2\/pages\/1278"}],"collection":[{"href":"http:\/\/www.bbalaturka.com\/index.php?rest_route=\/wp\/v2\/pages"}],"about":[{"href":"http:\/\/www.bbalaturka.com\/index.php?rest_route=\/wp\/v2\/types\/page"}],"author":[{"embeddable":true,"href":"http:\/\/www.bbalaturka.com\/index.php?rest_route=\/wp\/v2\/users\/1"}],"replies":[{"embeddable":true,"href":"http:\/\/www.bbalaturka.com\/index.php?rest_route=%2Fwp%2Fv2%2Fcomments&post=1278"}],"version-history":[{"count":0,"href":"http:\/\/www.bbalaturka.com\/index.php?rest_route=\/wp\/v2\/pages\/1278\/revisions"}],"wp:attachment":[{"href":"http:\/\/www.bbalaturka.com\/index.php?rest_route=%2Fwp%2Fv2%2Fmedia&parent=1278"}],"curies":[{"name":"wp","href":"https:\/\/api.w.org\/{rel}","templated":true}]}}